{"id":2588,"date":"2023-07-12T11:30:40","date_gmt":"2023-07-12T09:30:40","guid":{"rendered":"https:\/\/coenenboats.com\/our-service\/multipurpose-boats-mzb-rtb1-rtb2\/"},"modified":"2023-08-09T10:50:22","modified_gmt":"2023-08-09T08:50:22","slug":"multipurpose-boats-mzb-rtb1-rtb2","status":"publish","type":"page","link":"https:\/\/coenenboats.com\/en\/our-service\/multipurpose-boats-mzb-rtb1-rtb2\/","title":{"rendered":"Multipurpose boats MZB, RTB1, RTB2"},"content":{"rendered":"<p>[et_pb_section fb_built=&#8221;1&#8243; _builder_version=&#8221;4.21.0&#8243; _module_preset=&#8221;default&#8221; global_colors_info=&#8221;{}&#8221; theme_builder_area=&#8221;post_content&#8221;][et_pb_row _builder_version=&#8221;4.21.0&#8243; _module_preset=&#8221;default&#8221; global_colors_info=&#8221;{}&#8221; theme_builder_area=&#8221;post_content&#8221;][et_pb_column type=&#8221;4_4&#8243; _builder_version=&#8221;4.21.0&#8243; _module_preset=&#8221;default&#8221; global_colors_info=&#8221;{}&#8221; theme_builder_area=&#8221;post_content&#8221;][et_pb_text _builder_version=&#8221;4.21.0&#8243; _module_preset=&#8221;default&#8221; header_font=&#8221;|300|||||||&#8221; header_font_size=&#8221;3em&#8221; text_orientation=&#8221;center&#8221; hover_enabled=&#8221;0&#8243; global_colors_info=&#8221;{}&#8221; theme_builder_area=&#8221;post_content&#8221; sticky_enabled=&#8221;0&#8243;]<\/p>\n<h1>Multipurpose boats MZB, RTB1, RTB2<\/h1>\n<p>[\/et_pb_text][et_pb_text _builder_version=&#8221;4.21.0&#8243; _module_preset=&#8221;default&#8221; text_text_color=&#8221;#000000&#8243; link_text_color=&#8221;#277CEA&#8221; text_orientation=&#8221;center&#8221; custom_margin=&#8221;0.5em||||false|false&#8221; global_module=&#8221;1200&#8243; saved_tabs=&#8221;all&#8221; global_colors_info=&#8221;{}&#8221; link_text_color__hover_enabled=&#8221;on|hover&#8221; link_text_color__hover=&#8221;#0e3672&#8243; theme_builder_area=&#8221;post_content&#8221;]<\/p>\n<span><span><a href=\"https:\/\/coenenboats.com\/en\/\">Home<\/a><\/span><\/span>\n<p>[\/et_pb_text][\/et_pb_column][\/et_pb_row][et_pb_row _builder_version=&#8221;4.21.0&#8243; _module_preset=&#8221;default&#8221; theme_builder_area=&#8221;post_content&#8221; custom_margin=&#8221;4rem||||false|false&#8221; hover_enabled=&#8221;0&#8243; sticky_enabled=&#8221;0&#8243;][et_pb_column _builder_version=&#8221;4.21.0&#8243; _module_preset=&#8221;default&#8221; type=&#8221;4_4&#8243; theme_builder_area=&#8221;post_content&#8221;][et_pb_text _builder_version=&#8221;4.21.0&#8243; _module_preset=&#8221;default&#8221; theme_builder_area=&#8221;post_content&#8221; hover_enabled=&#8221;0&#8243; sticky_enabled=&#8221;0&#8243; header_2_font=&#8221;|300|||||||&#8221; header_2_text_color=&#8221;#3D3D40&#8243; header_2_font_size=&#8221;2.5em&#8221;]<\/p>\n<h2>Mehrzweckboote bei Hilfsorganisationen<\/h2>\n<p>[\/et_pb_text][et_pb_text _builder_version=&#8221;4.21.0&#8243; _module_preset=&#8221;default&#8221; theme_builder_area=&#8221;post_content&#8221; hover_enabled=&#8221;0&#8243; sticky_enabled=&#8221;0&#8243; link_text_color=&#8221;#277CEA&#8221; custom_margin=&#8221;1.5em||||false|false&#8221;]<\/p>\n<p>Aufgrund des Bedarf einer einheitlichen Systematisierung und Vergleichbarkeit der Fahrzeuge sowie Versicherungsgr\u00fcnden wurde f\u00fcr die <a title=\"Feuerwehr\" href=\"https:\/\/de.wikipedia.org\/wiki\/Feuerwehr\">Feuerwehren<\/a> die DIN 14961 und DIN 1492 erarbeitet. Sie legen genauere Bauvorschriften zu den eingesetzten Booten bzw. <a title=\"Bootstrailer\" href=\"https:\/\/de.wikipedia.org\/wiki\/Bootstrailer\">Bootstrailern<\/a> fest.<sup id=\"cite_ref-DIN14962_3-0\" class=\"reference\"><a href=\"https:\/\/de.wikipedia.org\/wiki\/Mehrzweckboot#cite_note-DIN14962-3\">[3]<\/a><\/sup> Andere Hilfsorganisationen wie die <a title=\"Wasserwacht\" href=\"https:\/\/de.wikipedia.org\/wiki\/Wasserwacht\">Wasserwacht<\/a>, die <a title=\"Deutsche Lebens-Rettungs-Gesellschaft\" href=\"https:\/\/de.wikipedia.org\/wiki\/Deutsche_Lebens-Rettungs-Gesellschaft\">DLRG<\/a> und das <a title=\"Technisches Hilfswerk\" href=\"https:\/\/de.wikipedia.org\/wiki\/Technisches_Hilfswerk\">Technischen Hilfswerk<\/a> nutzen Boote nach dieser Norm ebenfalls. Diese Mehrzweckboote (<i>MZB<\/i>), im <a title=\"Jargon\" href=\"https:\/\/de.wikipedia.org\/wiki\/Jargon\">Fachjargon<\/a>auch <i>Arbeitsboot<\/i>, kurz <i>A-Boot<\/i> genannt, sind aus Holz, Aluminium oder <a title=\"Glasfaserverst\u00e4rkter Kunststoff\" href=\"https:\/\/de.wikipedia.org\/wiki\/Glasfaserverst%C3%A4rkter_Kunststoff\">glasfaserverst\u00e4rktem Kunststoff<\/a> in <a title=\"Kiel (Schiffbau)\" href=\"https:\/\/de.wikipedia.org\/wiki\/Kiel_(Schiffbau)\">Knickspant- oder 3- Kielbauweise<\/a>. Verlastet auf einem nach DIN 14962 genormten <a title=\"Slippen (Schifffahrt)\" href=\"https:\/\/de.wikipedia.org\/wiki\/Slippen_(Schifffahrt)\">slipf\u00e4higen<\/a> Bootsanh\u00e4nger<sup id=\"cite_ref-DIN14962_3-1\" class=\"reference\"><a href=\"https:\/\/de.wikipedia.org\/wiki\/Mehrzweckboot#cite_note-DIN14962-3\">[3]<\/a><\/sup> oder <a title=\"Wechselladerfahrzeug (Feuerwehr)\" href=\"https:\/\/de.wikipedia.org\/wiki\/Wechselladerfahrzeug_(Feuerwehr)\">Wechsellader (WLF)<\/a> kann es \u00fcberland transportiert werden. Die genaue Ausr\u00fcstung und Bauweise variiert jedoch je nach Hilfseinrichtung leicht.<\/p>\n<p>[\/et_pb_text][et_pb_image src=&#8221;https:\/\/coenenboats.com\/wp-content\/uploads\/20151019_102703.jpg&#8221; _builder_version=&#8221;4.21.0&#8243; _module_preset=&#8221;default&#8221; theme_builder_area=&#8221;post_content&#8221; title_text=&#8221;20151019_102703&#8243; max_width=&#8221;20vw&#8221; custom_margin=&#8221;2rem||||false|false&#8221; hover_enabled=&#8221;0&#8243; sticky_enabled=&#8221;0&#8243;][\/et_pb_image][\/et_pb_column][\/et_pb_row][et_pb_row _builder_version=&#8221;4.21.0&#8243; _module_preset=&#8221;default&#8221; theme_builder_area=&#8221;post_content&#8221; custom_margin=&#8221;6rem||||false|false&#8221; hover_enabled=&#8221;0&#8243; sticky_enabled=&#8221;0&#8243;][et_pb_column _builder_version=&#8221;4.21.0&#8243; _module_preset=&#8221;default&#8221; type=&#8221;4_4&#8243; theme_builder_area=&#8221;post_content&#8221;][et_pb_text _builder_version=&#8221;4.21.0&#8243; _module_preset=&#8221;default&#8221; theme_builder_area=&#8221;post_content&#8221; hover_enabled=&#8221;0&#8243; sticky_enabled=&#8221;0&#8243;]<\/p>\n<h2>Aufgaben<\/h2>\n<p>[\/et_pb_text][et_pb_text _builder_version=&#8221;4.21.0&#8243; _module_preset=&#8221;default&#8221; theme_builder_area=&#8221;post_content&#8221; hover_enabled=&#8221;0&#8243; sticky_enabled=&#8221;0&#8243; custom_margin=&#8221;2rem||||false|false&#8221;]<\/p>\n<p>Die Aufgaben eines Mehrzweckbootes sind mannigfaltig und von der jeweiligen genauen Ausf\u00fchrung abh\u00e4ngig. Grunds\u00e4tzlich lassen sich folgende Hauptfunktionen festhalten:<\/p>\n<ul>\n<li>Rettung und Bergung von Personen, Tieren und G\u00fctern,<\/li>\n<li>Transport von Personen und Ger\u00e4ten<\/li>\n<li>Schleppen, Schieben und Dr\u00fccken von Gegenst\u00e4nden,<\/li>\n<li>Erkundung und \u00dcberwachung von Einsatzstellen und<\/li>\n<li>Absicherung von Einsatzkr\u00e4ften.<\/li>\n<\/ul>\n<p>Alle genannten Aufgaben k\u00f6nnen auf allen Binnengew\u00e4ssern und k\u00fcstennahen Bereichen wahrgenommen werden.<\/p>\n<p>[\/et_pb_text][\/et_pb_column][\/et_pb_row][et_pb_row column_structure=&#8221;1_2,1_2&#8243; make_equal=&#8221;on&#8221; _builder_version=&#8221;4.21.0&#8243; _module_preset=&#8221;default&#8221; custom_margin=&#8221;8rem||||false|false&#8221; hover_enabled=&#8221;0&#8243; custom_css_main_element=&#8221;gap:1rem;&#8221; custom_css_after=&#8221;display:none;&#8221; global_colors_info=&#8221;{}&#8221; theme_builder_area=&#8221;post_content&#8221; sticky_enabled=&#8221;0&#8243;][et_pb_column type=&#8221;1_2&#8243; _builder_version=&#8221;4.21.0&#8243; _module_preset=&#8221;default&#8221; custom_css_main_element=&#8221;max-width:max-content;&#8221; global_colors_info=&#8221;{}&#8221; theme_builder_area=&#8221;post_content&#8221;][et_pb_image src=&#8221;https:\/\/coenenboats.com\/wp-content\/uploads\/CAT800-3D1-150814-1.jpg&#8221; title_text=&#8221;Optimized by JPEGmini 3.18.18.230752555-YEP 0x3313e886&#8243; _builder_version=&#8221;4.21.0&#8243; _module_preset=&#8221;default&#8221; hover_enabled=&#8221;0&#8243; global_colors_info=&#8221;{}&#8221; theme_builder_area=&#8221;post_content&#8221; max_width=&#8221;18vw&#8221; sticky_enabled=&#8221;0&#8243;][\/et_pb_image][\/et_pb_column][et_pb_column type=&#8221;1_2&#8243; _builder_version=&#8221;4.21.0&#8243; _module_preset=&#8221;default&#8221; custom_css_main_element=&#8221;flex:1;&#8221; global_colors_info=&#8221;{}&#8221; theme_builder_area=&#8221;post_content&#8221;][et_pb_text _builder_version=&#8221;4.21.0&#8243; _module_preset=&#8221;default&#8221; hover_enabled=&#8221;0&#8243; global_colors_info=&#8221;{}&#8221; theme_builder_area=&#8221;post_content&#8221; link_text_color=&#8221;#277CEA&#8221; sticky_enabled=&#8221;0&#8243;]<\/p>\n<h3>THW<\/h3>\n<p>[\/et_pb_text][et_pb_text _builder_version=&#8221;4.21.0&#8243; _module_preset=&#8221;default&#8221; hover_enabled=&#8221;0&#8243; global_colors_info=&#8221;{}&#8221; theme_builder_area=&#8221;post_content&#8221; link_text_color=&#8221;#277CEA&#8221; sticky_enabled=&#8221;0&#8243; custom_margin=&#8221;2rem||||false|false&#8221;]<\/p>\n<p>Mehrzweckboot beim THW<br \/>Heute wird das MZB beim THW stufenweise durch das baulich \u00e4hnliche Mehrzweckarbeitsboot (MzAB) ersetzt. Das MzAB ist als eine Art Sonderform des Mehrzweckbootes anzusehen. Das MzAB ist Bestandteil der Fachgruppe Wassergefahren Typ A. Es ist auf seinem Anh\u00e4nger landgest\u00fctzt mobil und kann zu \u00fcber\u00f6rtlichen und \u00fcberregionalen Eins\u00e4tzen verwendet werden.[4] Das MzAB besitzt einen ebenen durchgehenden Laderaum von rund 2 \u00d7 3 m und eine absenkbare Bugklappe. Schlepp- und Koppeleinrichtungen erm\u00f6glichen den Verbund mit anderen Schiffen und Booten.<\/p>\n<p>[\/et_pb_text][\/et_pb_column][\/et_pb_row][et_pb_row _builder_version=&#8221;4.21.0&#8243; _module_preset=&#8221;default&#8221; theme_builder_area=&#8221;post_content&#8221; custom_margin=&#8221;2rem||||false|false&#8221; hover_enabled=&#8221;0&#8243; sticky_enabled=&#8221;0&#8243;][et_pb_column _builder_version=&#8221;4.21.0&#8243; _module_preset=&#8221;default&#8221; type=&#8221;4_4&#8243; theme_builder_area=&#8221;post_content&#8221;][dvmd_table_maker _builder_version=&#8221;4.21.0&#8243; _module_preset=&#8221;default&#8221; theme_builder_area=&#8221;post_content&#8221; hover_enabled=&#8221;0&#8243; sticky_enabled=&#8221;0&#8243; tbl_row_header_count=&#8221;0&#8243; tbl_chead_cell_color=&#8221;RGBA(255,255,255,0.25)&#8221; tbl_tcell_cell_color=&#8221;RGBA(255,255,255,0)&#8221; tbl_chead_text_text_color=&#8221;#000000&#8243; tbl_chead_text_font=&#8221;|600|||||||&#8221; tbl_frame_type=&#8221;none&#8221; border_color_all_tbl_tcell_cell_border=&#8221;#3D3D40&#8243; border_width_all_tbl_tcell_cell_border=&#8221;0px&#8221; custom_css_tbl_tcell_cells=&#8221;border-bottom: .1rem solid rgba(0,0,0,0.25) !important;&#8221; tbl_responsive_break_by=&#8221;row&#8221; tbl_responsive_breakpoint=&#8221;max_width_767&#8243;][dvmd_table_maker_item _builder_version=&#8221;4.21.0&#8243; _module_preset=&#8221;default&#8221; theme_builder_area=&#8221;post_content&#8221; col_label=&#8221;Eigenschaften&#8221; col_content=&#8221;Eigenschaft Besatzung: Au\u00dfenbordmotorisierung: Geschwindigkeit: Tragf\u00e4higkeit: Transport:&#8221; hover_enabled=&#8221;0&#8243; sticky_enabled=&#8221;0&#8243;][\/dvmd_table_maker_item][dvmd_table_maker_item _builder_version=&#8221;4.21.0&#8243; _module_preset=&#8221;default&#8221; theme_builder_area=&#8221;post_content&#8221; col_label=&#8221;Mehrzweckboot beim THW&#8221; col_content=&#8221;Mehrzweckboot beim THW 2 bis 7 Helfer 30 kW (ein- oder zweifach) ca. 50 km\/h \u00fcber Grund bis zu 2 t oder 10 Personen Einachs-Bootsanh\u00e4nger, 2 t slipf\u00e4hig&#8221; hover_enabled=&#8221;0&#8243; sticky_enabled=&#8221;0&#8243;][\/dvmd_table_maker_item][dvmd_table_maker_item _builder_version=&#8221;4.21.0&#8243; _module_preset=&#8221;default&#8221; theme_builder_area=&#8221;post_content&#8221; col_label=&#8221;Mehrzweckarbeitsboot&#8221; col_content=&#8221;Mehrzweckarbeitsboot 1 bis 9 Helfer 2 \u00d7 36 kW 30 kn &gt; 1,5 t oder 10 Personen Einachs-Bootsanh\u00e4nger, 2 t slipf\u00e4hig mit Winde&#8221; hover_enabled=&#8221;0&#8243; sticky_enabled=&#8221;0&#8243;][\/dvmd_table_maker_item][\/dvmd_table_maker][\/et_pb_column][\/et_pb_row][et_pb_row _builder_version=&#8221;4.21.0&#8243; _module_preset=&#8221;default&#8221; theme_builder_area=&#8221;post_content&#8221; custom_margin=&#8221;4rem||||false|false&#8221; hover_enabled=&#8221;0&#8243; sticky_enabled=&#8221;0&#8243;][et_pb_column _builder_version=&#8221;4.21.0&#8243; _module_preset=&#8221;default&#8221; type=&#8221;4_4&#8243; theme_builder_area=&#8221;post_content&#8221;][et_pb_text _builder_version=&#8221;4.21.0&#8243; _module_preset=&#8221;default&#8221; theme_builder_area=&#8221;post_content&#8221; hover_enabled=&#8221;0&#8243; sticky_enabled=&#8221;0&#8243;]Einige Mehrzweckboote verf\u00fcgen \u00fcber Bugklappen, die zur Menschenrettung abgesenkt werden k\u00f6nnen. So m\u00fcssen die zu rettenden Personen nicht mehr \u00fcber die Reling gezogen werden.[\/et_pb_text][\/et_pb_column][\/et_pb_row][et_pb_row _builder_version=&#8221;4.21.0&#8243; _module_preset=&#8221;default&#8221; theme_builder_area=&#8221;post_content&#8221; custom_margin=&#8221;4rem||||false|false&#8221; hover_enabled=&#8221;0&#8243; sticky_enabled=&#8221;0&#8243;][et_pb_column _builder_version=&#8221;4.21.0&#8243; _module_preset=&#8221;default&#8221; type=&#8221;4_4&#8243; theme_builder_area=&#8221;post_content&#8221;][et_pb_text _builder_version=&#8221;4.21.0&#8243; _module_preset=&#8221;default&#8221; theme_builder_area=&#8221;post_content&#8221; hover_enabled=&#8221;0&#8243; sticky_enabled=&#8221;0&#8243; header_2_font=&#8221;|300|||||||&#8221;]<\/p>\n<h2>Sonderformen<\/h2>\n<p>[\/et_pb_text][et_pb_text _builder_version=&#8221;4.21.0&#8243; _module_preset=&#8221;default&#8221; theme_builder_area=&#8221;post_content&#8221; hover_enabled=&#8221;0&#8243; sticky_enabled=&#8221;0&#8243; custom_margin=&#8221;2.5rem||||false|false&#8221;]Neben dem DIN-genormten Mehrzweckboot und sonstigen herk\u00f6mmlichen Varianten des MZB existieren bei Hilfsorganisationen auch zahlreiche Sonderformen von Booten, welche zwar dem MZB \u00e4hneln, aber nicht durchwegs alle obigen Charakteristika besitzen. Hierzu geh\u00f6ren beispielsweise schlichte Schlauchboot im Einsatz einer Hilfseinrichtung oder von den L\u00e4ndern beschaffte und bezuschusste Boote f\u00fcr den Katastrophenschutz (Katastrophenschutzboote, kurz K-Boote).Diese Wasserfahrzeuge sind allesamt nicht bundesweit einheitlich genormt und sind teilweise auch nicht klar voneinander zu differenzieren, weswegen die Bezeichnungen zunehmend durch eindeutigere Namen ersetzt werden[\/et_pb_text][\/et_pb_column][\/et_pb_row][\/et_pb_section]<\/p>\n","protected":false},"excerpt":{"rendered":"<p>Multipurpose boats MZB, RTB1, RTB2<span><span><a href=\"https:\/\/coenenboats.com\/en\/\">Home<\/a><\/span><\/span> Mehrzweckboote bei HilfsorganisationenAufgrund des Bedarf einer einheitlichen Systematisierung und Vergleichbarkeit der Fahrzeuge sowie Versicherungsgr\u00fcnden wurde f\u00fcr die Feuerwehren die DIN 14961 und DIN 1492 erarbeitet. Sie legen genauere Bauvorschriften zu den eingesetzten Booten bzw. Bootstrailern fest.[3] Andere Hilfsorganisationen wie die Wasserwacht, die DLRG und das Technischen Hilfswerk nutzen Boote nach [&hellip;]<\/p>\n","protected":false},"author":1,"featured_media":0,"parent":2556,"menu_order":500,"comment_status":"closed","ping_status":"closed","template":"","meta":{"_et_pb_use_builder":"on","_et_pb_old_content":"","_et_gb_content_width":"","footnotes":""},"class_list":["post-2588","page","type-page","status-publish","hentry"],"_links":{"self":[{"href":"https:\/\/coenenboats.com\/en\/wp-json\/wp\/v2\/pages\/2588","targetHints":{"allow":["GET"]}}],"collection":[{"href":"https:\/\/coenenboats.com\/en\/wp-json\/wp\/v2\/pages"}],"about":[{"href":"https:\/\/coenenboats.com\/en\/wp-json\/wp\/v2\/types\/page"}],"author":[{"embeddable":true,"href":"https:\/\/coenenboats.com\/en\/wp-json\/wp\/v2\/users\/1"}],"replies":[{"embeddable":true,"href":"https:\/\/coenenboats.com\/en\/wp-json\/wp\/v2\/comments?post=2588"}],"version-history":[{"count":4,"href":"https:\/\/coenenboats.com\/en\/wp-json\/wp\/v2\/pages\/2588\/revisions"}],"predecessor-version":[{"id":3102,"href":"https:\/\/coenenboats.com\/en\/wp-json\/wp\/v2\/pages\/2588\/revisions\/3102"}],"up":[{"embeddable":true,"href":"https:\/\/coenenboats.com\/en\/wp-json\/wp\/v2\/pages\/2556"}],"wp:attachment":[{"href":"https:\/\/coenenboats.com\/en\/wp-json\/wp\/v2\/media?parent=2588"}],"curies":[{"name":"wp","href":"https:\/\/api.w.org\/{rel}","templated":true}]}}